{"id":2374,"date":"2022-12-12T12:12:22","date_gmt":"2022-12-12T11:12:22","guid":{"rendered":"https:\/\/www.neftys-pharma.com\/politique-de-confidentialite\/"},"modified":"2022-12-12T12:12:22","modified_gmt":"2022-12-12T11:12:22","slug":"politique-de-confidentialite","status":"publish","type":"page","link":"https:\/\/www.neftys-pharma.com\/pt-pt\/politique-de-confidentialite\/","title":{"rendered":"Politique de confidentialit\u00e9"},"content":{"rendered":"\n<p>Cette politique de confidentialit\u00e9 explique comment nous traitons les informations que nous collectons lorsque vous visitez notre site web.<\/p>\n        <h2>Collecte des informations<\/h2>\n        <p>Nous ne collectons aucune information personnelle lorsque vous visitez notre site web, \u00e0 l&#8217;exception de cookies de base n\u00e9cessaires \u00e0 la navigation. Ces cookies ne contiennent pas d&#8217;informations personnelles et sont supprim\u00e9s lorsque vous quittez notre site web.<\/p>\n        <h2>Utilisation des informations<\/h2>\n        <p>Nous ne stockons pas d&#8217;informations personnelles sur les visiteurs de notre site web et nous ne les utilisons pas \u00e0 des fins de marketing ou de publicit\u00e9.<\/p>\n        <h2>Protection des informations<\/h2>\n        <p>\u00c9tant donn\u00e9 que nous ne collectons pas d&#8217;informations personnelles sur les visiteurs de notre site web, nous n&#8217;avons pas besoin de prendre de mesures de s\u00e9curit\u00e9 sp\u00e9cifiques pour les prot\u00e9ger.<\/p>\n        <h2>Divulgation \u00e0 des tiers<\/h2>\n        <p>Nous ne divulguons aucune information personnelle \u00e0 des tiers, car nous n&#8217;en collectons pas.<\/p>\n        <h2>Liens vers des sites tiers<\/h2>\n        <p>Nous pouvons inclure des liens vers des sites tiers sur notre site web. Nous ne sommes pas responsables du contenu ou des pratiques de confidentialit\u00e9 de ces sites tiers et nous vous encourageons \u00e0 consulter leur propre politique de confidentialit\u00e9 avant de leur fournir des informations personnelles.<\/p>\n        <h2>Consentement<\/h2>\n        <p>En visitant notre site web, vous acceptez cette politique de confidentialit\u00e9.<\/p>\n        <h2>Changements \u00e0 notre politique de confidentialit\u00e9<\/h2>\n        <p>Nous pouvons mettre \u00e0 jour cette politique de confidentialit\u00e9 de temps en temps. Toute modification sera affich\u00e9e sur cette page.<\/p>\n        <p>Si vous avez des questions ou des commentaires sur notre politique de confidentialit\u00e9, n&#8217;h\u00e9sitez pas \u00e0 nous contacter.<\/p>\n","protected":false},"excerpt":{"rendered":"<p>Cette politique de confidentialit\u00e9 explique comment nous traitons les informations que nous collectons lorsque vous visitez notre site web. Collecte des informations Nous ne collectons aucune information personnelle lorsque vous visitez notre site web, \u00e0 l&#8217;exception de cookies de base n\u00e9cessaires \u00e0 la navigation. Ces cookies ne contiennent pas d&#8217;informations personnelles et sont supprim\u00e9s lorsque [&hellip;]<\/p>\n","protected":false},"author":2,"featured_media":0,"parent":0,"menu_order":0,"comment_status":"closed","ping_status":"open","template":"","meta":{"_acf_changed":false,"_monsterinsights_skip_tracking":false,"_monsterinsights_sitenote_active":false,"_monsterinsights_sitenote_note":"","_monsterinsights_sitenote_category":0,"footnotes":""},"acf":[],"yoast_head":"<!-- This site is optimized with the Yoast SEO plugin v22.3 - https:\/\/yoast.com\/wordpress\/plugins\/seo\/ -->\n<title>Politique de confidentialit\u00e9 - Neftys Pharma<\/title>\n<meta name=\"robots\" content=\"index, follow, max-snippet:-1, max-image-preview:large, max-video-preview:-1\" \/>\n<link rel=\"canonical\" href=\"https:\/\/www.neftys-pharma.com\/pt-pt\/politique-de-confidentialite\/\" \/>\n<meta property=\"og:locale\" content=\"pt_PT\" \/>\n<meta property=\"og:type\" content=\"article\" \/>\n<meta property=\"og:title\" content=\"Politique de confidentialit\u00e9 - Neftys Pharma\" \/>\n<meta property=\"og:description\" content=\"Cette politique de confidentialit\u00e9 explique comment nous traitons les informations que nous collectons lorsque vous visitez notre site web. Collecte des informations Nous ne collectons aucune information personnelle lorsque vous visitez notre site web, \u00e0 l&#8217;exception de cookies de base n\u00e9cessaires \u00e0 la navigation. Ces cookies ne contiennent pas d&#8217;informations personnelles et sont supprim\u00e9s lorsque [&hellip;]\" \/>\n<meta property=\"og:url\" content=\"https:\/\/www.neftys-pharma.com\/pt-pt\/politique-de-confidentialite\/\" \/>\n<meta property=\"og:site_name\" content=\"Neftys Pharma\" \/>\n<meta property=\"og:image\" content=\"https:\/\/www.neftys-pharma.com\/wp-content\/uploads\/2023\/04\/LOGO-NEFTYS-PHARMA_Plan-de-travail-1.png\" \/>\n\t<meta property=\"og:image:width\" content=\"1772\" \/>\n\t<meta property=\"og:image:height\" content=\"935\" \/>\n\t<meta property=\"og:image:type\" content=\"image\/png\" \/>\n<meta name=\"twitter:card\" content=\"summary_large_image\" \/>\n<meta name=\"twitter:label1\" content=\"Tempo estimado de leitura\" \/>\n\t<meta name=\"twitter:data1\" content=\"1 minuto\" \/>\n<script type=\"application\/ld+json\" class=\"yoast-schema-graph\">{\"@context\":\"https:\/\/schema.org\",\"@graph\":[{\"@type\":\"WebPage\",\"@id\":\"https:\/\/www.neftys-pharma.com\/pt-pt\/politique-de-confidentialite\/\",\"url\":\"https:\/\/www.neftys-pharma.com\/pt-pt\/politique-de-confidentialite\/\",\"name\":\"Politique de confidentialit\u00e9 - Neftys Pharma\",\"isPartOf\":{\"@id\":\"https:\/\/www.neftys-pharma.com\/pt-pt\/#website\"},\"datePublished\":\"2022-12-12T11:12:22+00:00\",\"dateModified\":\"2022-12-12T11:12:22+00:00\",\"breadcrumb\":{\"@id\":\"https:\/\/www.neftys-pharma.com\/pt-pt\/politique-de-confidentialite\/#breadcrumb\"},\"inLanguage\":\"pt-PT\",\"potentialAction\":[{\"@type\":\"ReadAction\",\"target\":[\"https:\/\/www.neftys-pharma.com\/pt-pt\/politique-de-confidentialite\/\"]}]},{\"@type\":\"BreadcrumbList\",\"@id\":\"https:\/\/www.neftys-pharma.com\/pt-pt\/politique-de-confidentialite\/#breadcrumb\",\"itemListElement\":[{\"@type\":\"ListItem\",\"position\":1,\"name\":\"Home\",\"item\":\"https:\/\/www.neftys-pharma.com\/pt-pt\/\"},{\"@type\":\"ListItem\",\"position\":2,\"name\":\"Politique de confidentialit\u00e9\"}]},{\"@type\":\"WebSite\",\"@id\":\"https:\/\/www.neftys-pharma.com\/pt-pt\/#website\",\"url\":\"https:\/\/www.neftys-pharma.com\/pt-pt\/\",\"name\":\"Neftys Pharma\",\"description\":\"\",\"publisher\":{\"@id\":\"https:\/\/www.neftys-pharma.com\/pt-pt\/#organization\"},\"alternateName\":\"NP\",\"potentialAction\":[{\"@type\":\"SearchAction\",\"target\":{\"@type\":\"EntryPoint\",\"urlTemplate\":\"https:\/\/www.neftys-pharma.com\/pt-pt\/?s={search_term_string}\"},\"query-input\":\"required name=search_term_string\"}],\"inLanguage\":\"pt-PT\"},{\"@type\":\"Organization\",\"@id\":\"https:\/\/www.neftys-pharma.com\/pt-pt\/#organization\",\"name\":\"Neftys Pharma\",\"url\":\"https:\/\/www.neftys-pharma.com\/pt-pt\/\",\"logo\":{\"@type\":\"ImageObject\",\"inLanguage\":\"pt-PT\",\"@id\":\"https:\/\/www.neftys-pharma.com\/pt-pt\/#\/schema\/logo\/image\/\",\"url\":\"https:\/\/www.neftys-pharma.com\/wp-content\/uploads\/2023\/04\/LOGO-NEFTYS-PHARMA_Plan-de-travail-1.png\",\"contentUrl\":\"https:\/\/www.neftys-pharma.com\/wp-content\/uploads\/2023\/04\/LOGO-NEFTYS-PHARMA_Plan-de-travail-1.png\",\"width\":1772,\"height\":935,\"caption\":\"Neftys Pharma\"},\"image\":{\"@id\":\"https:\/\/www.neftys-pharma.com\/pt-pt\/#\/schema\/logo\/image\/\"},\"sameAs\":[\"https:\/\/www.linkedin.com\/company\/neftys-pharma\/\"]}]}<\/script>\n<!-- \/ Yoast SEO plugin. -->","yoast_head_json":{"title":"Politique de confidentialit\u00e9 - Neftys Pharma","robots":{"index":"index","follow":"follow","max-snippet":"max-snippet:-1","max-image-preview":"max-image-preview:large","max-video-preview":"max-video-preview:-1"},"canonical":"https:\/\/www.neftys-pharma.com\/pt-pt\/politique-de-confidentialite\/","og_locale":"pt_PT","og_type":"article","og_title":"Politique de confidentialit\u00e9 - Neftys Pharma","og_description":"Cette politique de confidentialit\u00e9 explique comment nous traitons les informations que nous collectons lorsque vous visitez notre site web. Collecte des informations Nous ne collectons aucune information personnelle lorsque vous visitez notre site web, \u00e0 l&#8217;exception de cookies de base n\u00e9cessaires \u00e0 la navigation. Ces cookies ne contiennent pas d&#8217;informations personnelles et sont supprim\u00e9s lorsque [&hellip;]","og_url":"https:\/\/www.neftys-pharma.com\/pt-pt\/politique-de-confidentialite\/","og_site_name":"Neftys Pharma","og_image":[{"width":1772,"height":935,"url":"https:\/\/www.neftys-pharma.com\/wp-content\/uploads\/2023\/04\/LOGO-NEFTYS-PHARMA_Plan-de-travail-1.png","type":"image\/png"}],"twitter_card":"summary_large_image","twitter_misc":{"Tempo estimado de leitura":"1 minuto"},"schema":{"@context":"https:\/\/schema.org","@graph":[{"@type":"WebPage","@id":"https:\/\/www.neftys-pharma.com\/pt-pt\/politique-de-confidentialite\/","url":"https:\/\/www.neftys-pharma.com\/pt-pt\/politique-de-confidentialite\/","name":"Politique de confidentialit\u00e9 - Neftys Pharma","isPartOf":{"@id":"https:\/\/www.neftys-pharma.com\/pt-pt\/#website"},"datePublished":"2022-12-12T11:12:22+00:00","dateModified":"2022-12-12T11:12:22+00:00","breadcrumb":{"@id":"https:\/\/www.neftys-pharma.com\/pt-pt\/politique-de-confidentialite\/#breadcrumb"},"inLanguage":"pt-PT","potentialAction":[{"@type":"ReadAction","target":["https:\/\/www.neftys-pharma.com\/pt-pt\/politique-de-confidentialite\/"]}]},{"@type":"BreadcrumbList","@id":"https:\/\/www.neftys-pharma.com\/pt-pt\/politique-de-confidentialite\/#breadcrumb","itemListElement":[{"@type":"ListItem","position":1,"name":"Home","item":"https:\/\/www.neftys-pharma.com\/pt-pt\/"},{"@type":"ListItem","position":2,"name":"Politique de confidentialit\u00e9"}]},{"@type":"WebSite","@id":"https:\/\/www.neftys-pharma.com\/pt-pt\/#website","url":"https:\/\/www.neftys-pharma.com\/pt-pt\/","name":"Neftys Pharma","description":"","publisher":{"@id":"https:\/\/www.neftys-pharma.com\/pt-pt\/#organization"},"alternateName":"NP","potentialAction":[{"@type":"SearchAction","target":{"@type":"EntryPoint","urlTemplate":"https:\/\/www.neftys-pharma.com\/pt-pt\/?s={search_term_string}"},"query-input":"required name=search_term_string"}],"inLanguage":"pt-PT"},{"@type":"Organization","@id":"https:\/\/www.neftys-pharma.com\/pt-pt\/#organization","name":"Neftys Pharma","url":"https:\/\/www.neftys-pharma.com\/pt-pt\/","logo":{"@type":"ImageObject","inLanguage":"pt-PT","@id":"https:\/\/www.neftys-pharma.com\/pt-pt\/#\/schema\/logo\/image\/","url":"https:\/\/www.neftys-pharma.com\/wp-content\/uploads\/2023\/04\/LOGO-NEFTYS-PHARMA_Plan-de-travail-1.png","contentUrl":"https:\/\/www.neftys-pharma.com\/wp-content\/uploads\/2023\/04\/LOGO-NEFTYS-PHARMA_Plan-de-travail-1.png","width":1772,"height":935,"caption":"Neftys Pharma"},"image":{"@id":"https:\/\/www.neftys-pharma.com\/pt-pt\/#\/schema\/logo\/image\/"},"sameAs":["https:\/\/www.linkedin.com\/company\/neftys-pharma\/"]}]}},"_links":{"self":[{"href":"https:\/\/www.neftys-pharma.com\/pt-pt\/wp-json\/wp\/v2\/pages\/2374"}],"collection":[{"href":"https:\/\/www.neftys-pharma.com\/pt-pt\/wp-json\/wp\/v2\/pages"}],"about":[{"href":"https:\/\/www.neftys-pharma.com\/pt-pt\/wp-json\/wp\/v2\/types\/page"}],"author":[{"embeddable":true,"href":"https:\/\/www.neftys-pharma.com\/pt-pt\/wp-json\/wp\/v2\/users\/2"}],"replies":[{"embeddable":true,"href":"https:\/\/www.neftys-pharma.com\/pt-pt\/wp-json\/wp\/v2\/comments?post=2374"}],"version-history":[{"count":0,"href":"https:\/\/www.neftys-pharma.com\/pt-pt\/wp-json\/wp\/v2\/pages\/2374\/revisions"}],"wp:attachment":[{"href":"https:\/\/www.neftys-pharma.com\/pt-pt\/wp-json\/wp\/v2\/media?parent=2374"}],"curies":[{"name":"wp","href":"https:\/\/api.w.org\/{rel}","templated":true}]}}