{"id":2357,"date":"2023-02-07T17:29:38","date_gmt":"2023-02-07T16:29:38","guid":{"rendered":"https:\/\/www.neftys-pharma.com\/accueil\/"},"modified":"2023-06-19T09:44:46","modified_gmt":"2023-06-19T07:44:46","slug":"accueil","status":"publish","type":"page","link":"https:\/\/www.neftys-pharma.com\/pl\/","title":{"rendered":"Accueil"},"content":{"rendered":"","protected":false},"excerpt":{"rendered":"","protected":false},"author":3,"featured_media":0,"parent":0,"menu_order":0,"comment_status":"closed","ping_status":"closed","template":"template-home.php","meta":{"_acf_changed":false,"_monsterinsights_skip_tracking":false,"_monsterinsights_sitenote_active":false,"_monsterinsights_sitenote_note":"","_monsterinsights_sitenote_category":0,"footnotes":""},"acf":[],"yoast_head":"<!-- This site is optimized with the Yoast SEO plugin v22.3 - https:\/\/yoast.com\/wordpress\/plugins\/seo\/ -->\n<title>Distribution de produits v\u00e9t\u00e9rinaires : le groupe Neftys Pharma<\/title>\n<meta name=\"description\" content=\"Neftys Pharma est une plateforme de distribution de produits v\u00e9t\u00e9rinaires , travaillant avec tous les acteurs majeurs du march\u00e9.\" \/>\n<meta name=\"robots\" content=\"index, follow, max-snippet:-1, max-image-preview:large, max-video-preview:-1\" \/>\n<link rel=\"canonical\" href=\"https:\/\/www.neftys-pharma.com\/pl\/\" \/>\n<meta property=\"og:locale\" content=\"pl_PL\" \/>\n<meta property=\"og:type\" content=\"article\" \/>\n<meta property=\"og:title\" content=\"Neftys Pharma\" \/>\n<meta property=\"og:description\" content=\"Neftys Pharma est une plateforme de distribution de produits v\u00e9t\u00e9rinaire, pr\u00e9sente sur les continents Europ\u00e9en et Africain. Nous travaillons avec tous les acteurs majeurs du march\u00e9 et tissons ensemble, depuis plus de 35 ans, des partenariats durables pour garantir \u00e0 tous l\u2019acc\u00e8s aux produits de bien-\u00eatre animal.\" \/>\n<meta property=\"og:url\" content=\"https:\/\/www.neftys-pharma.com\/pl\/\" \/>\n<meta property=\"og:site_name\" content=\"Neftys Pharma\" \/>\n<meta property=\"article:modified_time\" content=\"2023-06-19T07:44:46+00:00\" \/>\n<meta property=\"og:image\" content=\"https:\/\/www.neftys-pharma.com\/wp-content\/uploads\/2023\/02\/2020.png\" \/>\n<meta name=\"twitter:card\" content=\"summary_large_image\" \/>\n<script type=\"application\/ld+json\" class=\"yoast-schema-graph\">{\"@context\":\"https:\/\/schema.org\",\"@graph\":[{\"@type\":\"WebPage\",\"@id\":\"https:\/\/www.neftys-pharma.com\/pl\/\",\"url\":\"https:\/\/www.neftys-pharma.com\/pl\/\",\"name\":\"Distribution de produits v\u00e9t\u00e9rinaires : le groupe Neftys Pharma\",\"isPartOf\":{\"@id\":\"https:\/\/www.neftys-pharma.com\/pl\/#website\"},\"datePublished\":\"2023-02-07T16:29:38+00:00\",\"dateModified\":\"2023-06-19T07:44:46+00:00\",\"description\":\"Neftys Pharma est une plateforme de distribution de produits v\u00e9t\u00e9rinaires , travaillant avec tous les acteurs majeurs du march\u00e9.\",\"breadcrumb\":{\"@id\":\"https:\/\/www.neftys-pharma.com\/pl\/#breadcrumb\"},\"inLanguage\":\"pl-PL\",\"potentialAction\":[{\"@type\":\"ReadAction\",\"target\":[\"https:\/\/www.neftys-pharma.com\/pl\/\"]}]},{\"@type\":\"BreadcrumbList\",\"@id\":\"https:\/\/www.neftys-pharma.com\/pl\/#breadcrumb\",\"itemListElement\":[{\"@type\":\"ListItem\",\"position\":1,\"name\":\"Home\",\"item\":\"https:\/\/www.neftys-pharma.com\/pl\/\"},{\"@type\":\"ListItem\",\"position\":2,\"name\":\"Accueil\"}]},{\"@type\":\"WebSite\",\"@id\":\"https:\/\/www.neftys-pharma.com\/pl\/#website\",\"url\":\"https:\/\/www.neftys-pharma.com\/pl\/\",\"name\":\"Neftys Pharma\",\"description\":\"\",\"publisher\":{\"@id\":\"https:\/\/www.neftys-pharma.com\/pl\/#organization\"},\"alternateName\":\"NP\",\"potentialAction\":[{\"@type\":\"SearchAction\",\"target\":{\"@type\":\"EntryPoint\",\"urlTemplate\":\"https:\/\/www.neftys-pharma.com\/pl\/?s={search_term_string}\"},\"query-input\":\"required name=search_term_string\"}],\"inLanguage\":\"pl-PL\"},{\"@type\":\"Organization\",\"@id\":\"https:\/\/www.neftys-pharma.com\/pl\/#organization\",\"name\":\"Neftys Pharma\",\"url\":\"https:\/\/www.neftys-pharma.com\/pl\/\",\"logo\":{\"@type\":\"ImageObject\",\"inLanguage\":\"pl-PL\",\"@id\":\"https:\/\/www.neftys-pharma.com\/pl\/#\/schema\/logo\/image\/\",\"url\":\"https:\/\/www.neftys-pharma.com\/wp-content\/uploads\/2023\/04\/LOGO-NEFTYS-PHARMA_Plan-de-travail-1.png\",\"contentUrl\":\"https:\/\/www.neftys-pharma.com\/wp-content\/uploads\/2023\/04\/LOGO-NEFTYS-PHARMA_Plan-de-travail-1.png\",\"width\":1772,\"height\":935,\"caption\":\"Neftys Pharma\"},\"image\":{\"@id\":\"https:\/\/www.neftys-pharma.com\/pl\/#\/schema\/logo\/image\/\"},\"sameAs\":[\"https:\/\/www.linkedin.com\/company\/neftys-pharma\/\"]}]}<\/script>\n<!-- \/ Yoast SEO plugin. -->","yoast_head_json":{"title":"Distribution de produits v\u00e9t\u00e9rinaires : le groupe Neftys Pharma","description":"Neftys Pharma est une plateforme de distribution de produits v\u00e9t\u00e9rinaires , travaillant avec tous les acteurs majeurs du march\u00e9.","robots":{"index":"index","follow":"follow","max-snippet":"max-snippet:-1","max-image-preview":"max-image-preview:large","max-video-preview":"max-video-preview:-1"},"canonical":"https:\/\/www.neftys-pharma.com\/pl\/","og_locale":"pl_PL","og_type":"article","og_title":"Neftys Pharma","og_description":"Neftys Pharma est une plateforme de distribution de produits v\u00e9t\u00e9rinaire, pr\u00e9sente sur les continents Europ\u00e9en et Africain. Nous travaillons avec tous les acteurs majeurs du march\u00e9 et tissons ensemble, depuis plus de 35 ans, des partenariats durables pour garantir \u00e0 tous l\u2019acc\u00e8s aux produits de bien-\u00eatre animal.","og_url":"https:\/\/www.neftys-pharma.com\/pl\/","og_site_name":"Neftys Pharma","article_modified_time":"2023-06-19T07:44:46+00:00","og_image":[{"url":"https:\/\/www.neftys-pharma.com\/wp-content\/uploads\/2023\/02\/2020.png"}],"twitter_card":"summary_large_image","schema":{"@context":"https:\/\/schema.org","@graph":[{"@type":"WebPage","@id":"https:\/\/www.neftys-pharma.com\/pl\/","url":"https:\/\/www.neftys-pharma.com\/pl\/","name":"Distribution de produits v\u00e9t\u00e9rinaires : le groupe Neftys Pharma","isPartOf":{"@id":"https:\/\/www.neftys-pharma.com\/pl\/#website"},"datePublished":"2023-02-07T16:29:38+00:00","dateModified":"2023-06-19T07:44:46+00:00","description":"Neftys Pharma est une plateforme de distribution de produits v\u00e9t\u00e9rinaires , travaillant avec tous les acteurs majeurs du march\u00e9.","breadcrumb":{"@id":"https:\/\/www.neftys-pharma.com\/pl\/#breadcrumb"},"inLanguage":"pl-PL","potentialAction":[{"@type":"ReadAction","target":["https:\/\/www.neftys-pharma.com\/pl\/"]}]},{"@type":"BreadcrumbList","@id":"https:\/\/www.neftys-pharma.com\/pl\/#breadcrumb","itemListElement":[{"@type":"ListItem","position":1,"name":"Home","item":"https:\/\/www.neftys-pharma.com\/pl\/"},{"@type":"ListItem","position":2,"name":"Accueil"}]},{"@type":"WebSite","@id":"https:\/\/www.neftys-pharma.com\/pl\/#website","url":"https:\/\/www.neftys-pharma.com\/pl\/","name":"Neftys Pharma","description":"","publisher":{"@id":"https:\/\/www.neftys-pharma.com\/pl\/#organization"},"alternateName":"NP","potentialAction":[{"@type":"SearchAction","target":{"@type":"EntryPoint","urlTemplate":"https:\/\/www.neftys-pharma.com\/pl\/?s={search_term_string}"},"query-input":"required name=search_term_string"}],"inLanguage":"pl-PL"},{"@type":"Organization","@id":"https:\/\/www.neftys-pharma.com\/pl\/#organization","name":"Neftys Pharma","url":"https:\/\/www.neftys-pharma.com\/pl\/","logo":{"@type":"ImageObject","inLanguage":"pl-PL","@id":"https:\/\/www.neftys-pharma.com\/pl\/#\/schema\/logo\/image\/","url":"https:\/\/www.neftys-pharma.com\/wp-content\/uploads\/2023\/04\/LOGO-NEFTYS-PHARMA_Plan-de-travail-1.png","contentUrl":"https:\/\/www.neftys-pharma.com\/wp-content\/uploads\/2023\/04\/LOGO-NEFTYS-PHARMA_Plan-de-travail-1.png","width":1772,"height":935,"caption":"Neftys Pharma"},"image":{"@id":"https:\/\/www.neftys-pharma.com\/pl\/#\/schema\/logo\/image\/"},"sameAs":["https:\/\/www.linkedin.com\/company\/neftys-pharma\/"]}]}},"_links":{"self":[{"href":"https:\/\/www.neftys-pharma.com\/pl\/wp-json\/wp\/v2\/pages\/2357"}],"collection":[{"href":"https:\/\/www.neftys-pharma.com\/pl\/wp-json\/wp\/v2\/pages"}],"about":[{"href":"https:\/\/www.neftys-pharma.com\/pl\/wp-json\/wp\/v2\/types\/page"}],"author":[{"embeddable":true,"href":"https:\/\/www.neftys-pharma.com\/pl\/wp-json\/wp\/v2\/users\/3"}],"replies":[{"embeddable":true,"href":"https:\/\/www.neftys-pharma.com\/pl\/wp-json\/wp\/v2\/comments?post=2357"}],"version-history":[{"count":4,"href":"https:\/\/www.neftys-pharma.com\/pl\/wp-json\/wp\/v2\/pages\/2357\/revisions"}],"predecessor-version":[{"id":3314,"href":"https:\/\/www.neftys-pharma.com\/pl\/wp-json\/wp\/v2\/pages\/2357\/revisions\/3314"}],"wp:attachment":[{"href":"https:\/\/www.neftys-pharma.com\/pl\/wp-json\/wp\/v2\/media?parent=2357"}],"curies":[{"name":"wp","href":"https:\/\/api.w.org\/{rel}","templated":true}]}}