{"id":2338,"date":"2023-02-14T12:09:48","date_gmt":"2023-02-14T11:09:48","guid":{"rendered":"https:\/\/www.neftys-pharma.com\/catalogue-sante-animale\/"},"modified":"2023-06-29T15:15:08","modified_gmt":"2023-06-29T13:15:08","slug":"catalogue-sante-animale","status":"publish","type":"page","link":"https:\/\/www.neftys-pharma.com\/nl\/catalogue-sante-animale\/","title":{"rendered":"ONZE EXPERTISE \u2013 ONZE PRODUCTEN"},"content":{"rendered":"","protected":false},"excerpt":{"rendered":"","protected":false},"author":2,"featured_media":0,"parent":0,"menu_order":0,"comment_status":"closed","ping_status":"closed","template":"template-nos-produits.php","meta":{"_acf_changed":false,"_monsterinsights_skip_tracking":false,"_monsterinsights_sitenote_active":false,"_monsterinsights_sitenote_note":"","_monsterinsights_sitenote_category":0,"footnotes":""},"acf":[],"yoast_head":"<!-- This site is optimized with the Yoast SEO plugin v22.3 - https:\/\/yoast.com\/wordpress\/plugins\/seo\/ -->\n<title>Notre catalogue de produits de sant\u00e9 et bien-\u00eatre animal<\/title>\n<meta name=\"description\" content=\"Notre catalogue est compos\u00e9 d&#039;une large gamme de produits v\u00e9t\u00e9rinaires : m\u00e9dicaments, alimentation, accessoires, hygi\u00e8ne et soins, mat\u00e9riel..\" \/>\n<meta name=\"robots\" content=\"index, follow, max-snippet:-1, max-image-preview:large, max-video-preview:-1\" \/>\n<link rel=\"canonical\" href=\"https:\/\/www.neftys-pharma.com\/nl\/catalogue-sante-animale\/\" \/>\n<meta property=\"og:locale\" content=\"nl_NL\" \/>\n<meta property=\"og:type\" content=\"article\" \/>\n<meta property=\"og:title\" content=\"Notre catalogue de produits de sant\u00e9 et bien-\u00eatre animal\" \/>\n<meta property=\"og:description\" content=\"Notre catalogue est compos\u00e9 d&#039;une large gamme de produits v\u00e9t\u00e9rinaires : m\u00e9dicaments, alimentation, accessoires, hygi\u00e8ne et soins, mat\u00e9riel..\" \/>\n<meta property=\"og:url\" content=\"https:\/\/www.neftys-pharma.com\/nl\/catalogue-sante-animale\/\" \/>\n<meta property=\"og:site_name\" content=\"Neftys Pharma\" \/>\n<meta property=\"article:modified_time\" content=\"2023-06-29T13:15:08+00:00\" \/>\n<meta property=\"og:image\" content=\"https:\/\/www.neftys-pharma.com\/wp-content\/uploads\/2023\/04\/LOGO-NEFTYS-PHARMA_Plan-de-travail-1.png\" \/>\n\t<meta property=\"og:image:width\" content=\"1772\" \/>\n\t<meta property=\"og:image:height\" content=\"935\" \/>\n\t<meta property=\"og:image:type\" content=\"image\/png\" \/>\n<meta name=\"twitter:card\" content=\"summary_large_image\" \/>\n<script type=\"application\/ld+json\" class=\"yoast-schema-graph\">{\"@context\":\"https:\/\/schema.org\",\"@graph\":[{\"@type\":\"WebPage\",\"@id\":\"https:\/\/www.neftys-pharma.com\/nl\/catalogue-sante-animale\/\",\"url\":\"https:\/\/www.neftys-pharma.com\/nl\/catalogue-sante-animale\/\",\"name\":\"Notre catalogue de produits de sant\u00e9 et bien-\u00eatre animal\",\"isPartOf\":{\"@id\":\"https:\/\/www.neftys-pharma.com\/nl\/#website\"},\"datePublished\":\"2023-02-14T11:09:48+00:00\",\"dateModified\":\"2023-06-29T13:15:08+00:00\",\"description\":\"Notre catalogue est compos\u00e9 d'une large gamme de produits v\u00e9t\u00e9rinaires : m\u00e9dicaments, alimentation, accessoires, hygi\u00e8ne et soins, mat\u00e9riel..\",\"breadcrumb\":{\"@id\":\"https:\/\/www.neftys-pharma.com\/nl\/catalogue-sante-animale\/#breadcrumb\"},\"inLanguage\":\"nl\",\"potentialAction\":[{\"@type\":\"ReadAction\",\"target\":[\"https:\/\/www.neftys-pharma.com\/nl\/catalogue-sante-animale\/\"]}]},{\"@type\":\"BreadcrumbList\",\"@id\":\"https:\/\/www.neftys-pharma.com\/nl\/catalogue-sante-animale\/#breadcrumb\",\"itemListElement\":[{\"@type\":\"ListItem\",\"position\":1,\"name\":\"Home\",\"item\":\"https:\/\/www.neftys-pharma.com\/nl\/\"},{\"@type\":\"ListItem\",\"position\":2,\"name\":\"ONZE EXPERTISE \u2013 ONZE PRODUCTEN\"}]},{\"@type\":\"WebSite\",\"@id\":\"https:\/\/www.neftys-pharma.com\/nl\/#website\",\"url\":\"https:\/\/www.neftys-pharma.com\/nl\/\",\"name\":\"Neftys Pharma\",\"description\":\"\",\"publisher\":{\"@id\":\"https:\/\/www.neftys-pharma.com\/nl\/#organization\"},\"alternateName\":\"NP\",\"potentialAction\":[{\"@type\":\"SearchAction\",\"target\":{\"@type\":\"EntryPoint\",\"urlTemplate\":\"https:\/\/www.neftys-pharma.com\/nl\/?s={search_term_string}\"},\"query-input\":\"required name=search_term_string\"}],\"inLanguage\":\"nl\"},{\"@type\":\"Organization\",\"@id\":\"https:\/\/www.neftys-pharma.com\/nl\/#organization\",\"name\":\"Neftys Pharma\",\"url\":\"https:\/\/www.neftys-pharma.com\/nl\/\",\"logo\":{\"@type\":\"ImageObject\",\"inLanguage\":\"nl\",\"@id\":\"https:\/\/www.neftys-pharma.com\/nl\/#\/schema\/logo\/image\/\",\"url\":\"https:\/\/www.neftys-pharma.com\/wp-content\/uploads\/2023\/04\/LOGO-NEFTYS-PHARMA_Plan-de-travail-1.png\",\"contentUrl\":\"https:\/\/www.neftys-pharma.com\/wp-content\/uploads\/2023\/04\/LOGO-NEFTYS-PHARMA_Plan-de-travail-1.png\",\"width\":1772,\"height\":935,\"caption\":\"Neftys Pharma\"},\"image\":{\"@id\":\"https:\/\/www.neftys-pharma.com\/nl\/#\/schema\/logo\/image\/\"},\"sameAs\":[\"https:\/\/www.linkedin.com\/company\/neftys-pharma\/\"]}]}<\/script>\n<!-- \/ Yoast SEO plugin. -->","yoast_head_json":{"title":"Notre catalogue de produits de sant\u00e9 et bien-\u00eatre animal","description":"Notre catalogue est compos\u00e9 d'une large gamme de produits v\u00e9t\u00e9rinaires : m\u00e9dicaments, alimentation, accessoires, hygi\u00e8ne et soins, mat\u00e9riel..","robots":{"index":"index","follow":"follow","max-snippet":"max-snippet:-1","max-image-preview":"max-image-preview:large","max-video-preview":"max-video-preview:-1"},"canonical":"https:\/\/www.neftys-pharma.com\/nl\/catalogue-sante-animale\/","og_locale":"nl_NL","og_type":"article","og_title":"Notre catalogue de produits de sant\u00e9 et bien-\u00eatre animal","og_description":"Notre catalogue est compos\u00e9 d'une large gamme de produits v\u00e9t\u00e9rinaires : m\u00e9dicaments, alimentation, accessoires, hygi\u00e8ne et soins, mat\u00e9riel..","og_url":"https:\/\/www.neftys-pharma.com\/nl\/catalogue-sante-animale\/","og_site_name":"Neftys Pharma","article_modified_time":"2023-06-29T13:15:08+00:00","og_image":[{"width":1772,"height":935,"url":"https:\/\/www.neftys-pharma.com\/wp-content\/uploads\/2023\/04\/LOGO-NEFTYS-PHARMA_Plan-de-travail-1.png","type":"image\/png"}],"twitter_card":"summary_large_image","schema":{"@context":"https:\/\/schema.org","@graph":[{"@type":"WebPage","@id":"https:\/\/www.neftys-pharma.com\/nl\/catalogue-sante-animale\/","url":"https:\/\/www.neftys-pharma.com\/nl\/catalogue-sante-animale\/","name":"Notre catalogue de produits de sant\u00e9 et bien-\u00eatre animal","isPartOf":{"@id":"https:\/\/www.neftys-pharma.com\/nl\/#website"},"datePublished":"2023-02-14T11:09:48+00:00","dateModified":"2023-06-29T13:15:08+00:00","description":"Notre catalogue est compos\u00e9 d'une large gamme de produits v\u00e9t\u00e9rinaires : m\u00e9dicaments, alimentation, accessoires, hygi\u00e8ne et soins, mat\u00e9riel..","breadcrumb":{"@id":"https:\/\/www.neftys-pharma.com\/nl\/catalogue-sante-animale\/#breadcrumb"},"inLanguage":"nl","potentialAction":[{"@type":"ReadAction","target":["https:\/\/www.neftys-pharma.com\/nl\/catalogue-sante-animale\/"]}]},{"@type":"BreadcrumbList","@id":"https:\/\/www.neftys-pharma.com\/nl\/catalogue-sante-animale\/#breadcrumb","itemListElement":[{"@type":"ListItem","position":1,"name":"Home","item":"https:\/\/www.neftys-pharma.com\/nl\/"},{"@type":"ListItem","position":2,"name":"ONZE EXPERTISE \u2013 ONZE PRODUCTEN"}]},{"@type":"WebSite","@id":"https:\/\/www.neftys-pharma.com\/nl\/#website","url":"https:\/\/www.neftys-pharma.com\/nl\/","name":"Neftys Pharma","description":"","publisher":{"@id":"https:\/\/www.neftys-pharma.com\/nl\/#organization"},"alternateName":"NP","potentialAction":[{"@type":"SearchAction","target":{"@type":"EntryPoint","urlTemplate":"https:\/\/www.neftys-pharma.com\/nl\/?s={search_term_string}"},"query-input":"required name=search_term_string"}],"inLanguage":"nl"},{"@type":"Organization","@id":"https:\/\/www.neftys-pharma.com\/nl\/#organization","name":"Neftys Pharma","url":"https:\/\/www.neftys-pharma.com\/nl\/","logo":{"@type":"ImageObject","inLanguage":"nl","@id":"https:\/\/www.neftys-pharma.com\/nl\/#\/schema\/logo\/image\/","url":"https:\/\/www.neftys-pharma.com\/wp-content\/uploads\/2023\/04\/LOGO-NEFTYS-PHARMA_Plan-de-travail-1.png","contentUrl":"https:\/\/www.neftys-pharma.com\/wp-content\/uploads\/2023\/04\/LOGO-NEFTYS-PHARMA_Plan-de-travail-1.png","width":1772,"height":935,"caption":"Neftys Pharma"},"image":{"@id":"https:\/\/www.neftys-pharma.com\/nl\/#\/schema\/logo\/image\/"},"sameAs":["https:\/\/www.linkedin.com\/company\/neftys-pharma\/"]}]}},"_links":{"self":[{"href":"https:\/\/www.neftys-pharma.com\/nl\/wp-json\/wp\/v2\/pages\/2338"}],"collection":[{"href":"https:\/\/www.neftys-pharma.com\/nl\/wp-json\/wp\/v2\/pages"}],"about":[{"href":"https:\/\/www.neftys-pharma.com\/nl\/wp-json\/wp\/v2\/types\/page"}],"author":[{"embeddable":true,"href":"https:\/\/www.neftys-pharma.com\/nl\/wp-json\/wp\/v2\/users\/2"}],"replies":[{"embeddable":true,"href":"https:\/\/www.neftys-pharma.com\/nl\/wp-json\/wp\/v2\/comments?post=2338"}],"version-history":[{"count":8,"href":"https:\/\/www.neftys-pharma.com\/nl\/wp-json\/wp\/v2\/pages\/2338\/revisions"}],"predecessor-version":[{"id":3554,"href":"https:\/\/www.neftys-pharma.com\/nl\/wp-json\/wp\/v2\/pages\/2338\/revisions\/3554"}],"wp:attachment":[{"href":"https:\/\/www.neftys-pharma.com\/nl\/wp-json\/wp\/v2\/media?parent=2338"}],"curies":[{"name":"wp","href":"https:\/\/api.w.org\/{rel}","templated":true}]}}