{"id":2348,"date":"2023-02-13T18:04:59","date_gmt":"2023-02-13T17:04:59","guid":{"rendered":"https:\/\/www.neftys-pharma.com\/notre-expertise-nos-metiers\/"},"modified":"2023-06-19T15:49:48","modified_gmt":"2023-06-19T13:49:48","slug":"notre-expertise-nos-metiers","status":"publish","type":"page","link":"https:\/\/www.neftys-pharma.com\/de\/notre-expertise-nos-metiers\/","title":{"rendered":"UNSERE T\u00c4TIGKEITEN"},"content":{"rendered":"","protected":false},"excerpt":{"rendered":"","protected":false},"author":2,"featured_media":0,"parent":0,"menu_order":0,"comment_status":"closed","ping_status":"closed","template":"template-nos-metiers.php","meta":{"_acf_changed":false,"_monsterinsights_skip_tracking":false,"_monsterinsights_sitenote_active":false,"_monsterinsights_sitenote_note":"","_monsterinsights_sitenote_category":0,"footnotes":""},"acf":[],"yoast_head":"<!-- This site is optimized with the Yoast SEO plugin v22.3 - https:\/\/yoast.com\/wordpress\/plugins\/seo\/ -->\n<title>Expertise v\u00e9t\u00e9rinaire : choisissez Neftys Pharma<\/title>\n<meta name=\"description\" content=\"La distribution v\u00e9t\u00e9rinaire regroupe un ensemble de m\u00e9tiers que nous maitrisons depuis 35 ans. Notre expertise \u00e0 votre service.\" \/>\n<meta name=\"robots\" content=\"index, follow, max-snippet:-1, max-image-preview:large, max-video-preview:-1\" \/>\n<link rel=\"canonical\" href=\"https:\/\/www.neftys-pharma.com\/de\/notre-expertise-nos-metiers\/\" \/>\n<meta property=\"og:locale\" content=\"de_DE\" \/>\n<meta property=\"og:type\" content=\"article\" \/>\n<meta property=\"og:title\" content=\"Expertise v\u00e9t\u00e9rinaire : choisissez Neftys Pharma\" \/>\n<meta property=\"og:description\" content=\"La distribution v\u00e9t\u00e9rinaire regroupe un ensemble de m\u00e9tiers que nous maitrisons depuis 35 ans. Notre expertise \u00e0 votre service.\" \/>\n<meta property=\"og:url\" content=\"https:\/\/www.neftys-pharma.com\/de\/notre-expertise-nos-metiers\/\" \/>\n<meta property=\"og:site_name\" content=\"Neftys Pharma\" \/>\n<meta property=\"article:modified_time\" content=\"2023-06-19T13:49:48+00:00\" \/>\n<meta property=\"og:image\" content=\"https:\/\/www.neftys-pharma.com\/wp-content\/uploads\/2023\/04\/LOGO-NEFTYS-PHARMA_Plan-de-travail-1.png\" \/>\n\t<meta property=\"og:image:width\" content=\"1772\" \/>\n\t<meta property=\"og:image:height\" content=\"935\" \/>\n\t<meta property=\"og:image:type\" content=\"image\/png\" \/>\n<meta name=\"twitter:card\" content=\"summary_large_image\" \/>\n<script type=\"application\/ld+json\" class=\"yoast-schema-graph\">{\"@context\":\"https:\/\/schema.org\",\"@graph\":[{\"@type\":\"WebPage\",\"@id\":\"https:\/\/www.neftys-pharma.com\/de\/notre-expertise-nos-metiers\/\",\"url\":\"https:\/\/www.neftys-pharma.com\/de\/notre-expertise-nos-metiers\/\",\"name\":\"Expertise v\u00e9t\u00e9rinaire : choisissez Neftys Pharma\",\"isPartOf\":{\"@id\":\"https:\/\/www.neftys-pharma.com\/de\/#website\"},\"datePublished\":\"2023-02-13T17:04:59+00:00\",\"dateModified\":\"2023-06-19T13:49:48+00:00\",\"description\":\"La distribution v\u00e9t\u00e9rinaire regroupe un ensemble de m\u00e9tiers que nous maitrisons depuis 35 ans. Notre expertise \u00e0 votre service.\",\"breadcrumb\":{\"@id\":\"https:\/\/www.neftys-pharma.com\/de\/notre-expertise-nos-metiers\/#breadcrumb\"},\"inLanguage\":\"de-DE\",\"potentialAction\":[{\"@type\":\"ReadAction\",\"target\":[\"https:\/\/www.neftys-pharma.com\/de\/notre-expertise-nos-metiers\/\"]}]},{\"@type\":\"BreadcrumbList\",\"@id\":\"https:\/\/www.neftys-pharma.com\/de\/notre-expertise-nos-metiers\/#breadcrumb\",\"itemListElement\":[{\"@type\":\"ListItem\",\"position\":1,\"name\":\"Home\",\"item\":\"https:\/\/www.neftys-pharma.com\/de\/\"},{\"@type\":\"ListItem\",\"position\":2,\"name\":\"UNSERE T\u00c4TIGKEITEN\"}]},{\"@type\":\"WebSite\",\"@id\":\"https:\/\/www.neftys-pharma.com\/de\/#website\",\"url\":\"https:\/\/www.neftys-pharma.com\/de\/\",\"name\":\"Neftys Pharma\",\"description\":\"\",\"publisher\":{\"@id\":\"https:\/\/www.neftys-pharma.com\/de\/#organization\"},\"alternateName\":\"NP\",\"potentialAction\":[{\"@type\":\"SearchAction\",\"target\":{\"@type\":\"EntryPoint\",\"urlTemplate\":\"https:\/\/www.neftys-pharma.com\/de\/?s={search_term_string}\"},\"query-input\":\"required name=search_term_string\"}],\"inLanguage\":\"de-DE\"},{\"@type\":\"Organization\",\"@id\":\"https:\/\/www.neftys-pharma.com\/de\/#organization\",\"name\":\"Neftys Pharma\",\"url\":\"https:\/\/www.neftys-pharma.com\/de\/\",\"logo\":{\"@type\":\"ImageObject\",\"inLanguage\":\"de-DE\",\"@id\":\"https:\/\/www.neftys-pharma.com\/de\/#\/schema\/logo\/image\/\",\"url\":\"https:\/\/www.neftys-pharma.com\/wp-content\/uploads\/2023\/04\/LOGO-NEFTYS-PHARMA_Plan-de-travail-1.png\",\"contentUrl\":\"https:\/\/www.neftys-pharma.com\/wp-content\/uploads\/2023\/04\/LOGO-NEFTYS-PHARMA_Plan-de-travail-1.png\",\"width\":1772,\"height\":935,\"caption\":\"Neftys Pharma\"},\"image\":{\"@id\":\"https:\/\/www.neftys-pharma.com\/de\/#\/schema\/logo\/image\/\"},\"sameAs\":[\"https:\/\/www.linkedin.com\/company\/neftys-pharma\/\"]}]}<\/script>\n<!-- \/ Yoast SEO plugin. -->","yoast_head_json":{"title":"Expertise v\u00e9t\u00e9rinaire : choisissez Neftys Pharma","description":"La distribution v\u00e9t\u00e9rinaire regroupe un ensemble de m\u00e9tiers que nous maitrisons depuis 35 ans. Notre expertise \u00e0 votre service.","robots":{"index":"index","follow":"follow","max-snippet":"max-snippet:-1","max-image-preview":"max-image-preview:large","max-video-preview":"max-video-preview:-1"},"canonical":"https:\/\/www.neftys-pharma.com\/de\/notre-expertise-nos-metiers\/","og_locale":"de_DE","og_type":"article","og_title":"Expertise v\u00e9t\u00e9rinaire : choisissez Neftys Pharma","og_description":"La distribution v\u00e9t\u00e9rinaire regroupe un ensemble de m\u00e9tiers que nous maitrisons depuis 35 ans. Notre expertise \u00e0 votre service.","og_url":"https:\/\/www.neftys-pharma.com\/de\/notre-expertise-nos-metiers\/","og_site_name":"Neftys Pharma","article_modified_time":"2023-06-19T13:49:48+00:00","og_image":[{"width":1772,"height":935,"url":"https:\/\/www.neftys-pharma.com\/wp-content\/uploads\/2023\/04\/LOGO-NEFTYS-PHARMA_Plan-de-travail-1.png","type":"image\/png"}],"twitter_card":"summary_large_image","schema":{"@context":"https:\/\/schema.org","@graph":[{"@type":"WebPage","@id":"https:\/\/www.neftys-pharma.com\/de\/notre-expertise-nos-metiers\/","url":"https:\/\/www.neftys-pharma.com\/de\/notre-expertise-nos-metiers\/","name":"Expertise v\u00e9t\u00e9rinaire : choisissez Neftys Pharma","isPartOf":{"@id":"https:\/\/www.neftys-pharma.com\/de\/#website"},"datePublished":"2023-02-13T17:04:59+00:00","dateModified":"2023-06-19T13:49:48+00:00","description":"La distribution v\u00e9t\u00e9rinaire regroupe un ensemble de m\u00e9tiers que nous maitrisons depuis 35 ans. Notre expertise \u00e0 votre service.","breadcrumb":{"@id":"https:\/\/www.neftys-pharma.com\/de\/notre-expertise-nos-metiers\/#breadcrumb"},"inLanguage":"de-DE","potentialAction":[{"@type":"ReadAction","target":["https:\/\/www.neftys-pharma.com\/de\/notre-expertise-nos-metiers\/"]}]},{"@type":"BreadcrumbList","@id":"https:\/\/www.neftys-pharma.com\/de\/notre-expertise-nos-metiers\/#breadcrumb","itemListElement":[{"@type":"ListItem","position":1,"name":"Home","item":"https:\/\/www.neftys-pharma.com\/de\/"},{"@type":"ListItem","position":2,"name":"UNSERE T\u00c4TIGKEITEN"}]},{"@type":"WebSite","@id":"https:\/\/www.neftys-pharma.com\/de\/#website","url":"https:\/\/www.neftys-pharma.com\/de\/","name":"Neftys Pharma","description":"","publisher":{"@id":"https:\/\/www.neftys-pharma.com\/de\/#organization"},"alternateName":"NP","potentialAction":[{"@type":"SearchAction","target":{"@type":"EntryPoint","urlTemplate":"https:\/\/www.neftys-pharma.com\/de\/?s={search_term_string}"},"query-input":"required name=search_term_string"}],"inLanguage":"de-DE"},{"@type":"Organization","@id":"https:\/\/www.neftys-pharma.com\/de\/#organization","name":"Neftys Pharma","url":"https:\/\/www.neftys-pharma.com\/de\/","logo":{"@type":"ImageObject","inLanguage":"de-DE","@id":"https:\/\/www.neftys-pharma.com\/de\/#\/schema\/logo\/image\/","url":"https:\/\/www.neftys-pharma.com\/wp-content\/uploads\/2023\/04\/LOGO-NEFTYS-PHARMA_Plan-de-travail-1.png","contentUrl":"https:\/\/www.neftys-pharma.com\/wp-content\/uploads\/2023\/04\/LOGO-NEFTYS-PHARMA_Plan-de-travail-1.png","width":1772,"height":935,"caption":"Neftys Pharma"},"image":{"@id":"https:\/\/www.neftys-pharma.com\/de\/#\/schema\/logo\/image\/"},"sameAs":["https:\/\/www.linkedin.com\/company\/neftys-pharma\/"]}]}},"_links":{"self":[{"href":"https:\/\/www.neftys-pharma.com\/de\/wp-json\/wp\/v2\/pages\/2348"}],"collection":[{"href":"https:\/\/www.neftys-pharma.com\/de\/wp-json\/wp\/v2\/pages"}],"about":[{"href":"https:\/\/www.neftys-pharma.com\/de\/wp-json\/wp\/v2\/types\/page"}],"author":[{"embeddable":true,"href":"https:\/\/www.neftys-pharma.com\/de\/wp-json\/wp\/v2\/users\/2"}],"replies":[{"embeddable":true,"href":"https:\/\/www.neftys-pharma.com\/de\/wp-json\/wp\/v2\/comments?post=2348"}],"version-history":[{"count":11,"href":"https:\/\/www.neftys-pharma.com\/de\/wp-json\/wp\/v2\/pages\/2348\/revisions"}],"predecessor-version":[{"id":3388,"href":"https:\/\/www.neftys-pharma.com\/de\/wp-json\/wp\/v2\/pages\/2348\/revisions\/3388"}],"wp:attachment":[{"href":"https:\/\/www.neftys-pharma.com\/de\/wp-json\/wp\/v2\/media?parent=2348"}],"curies":[{"name":"wp","href":"https:\/\/api.w.org\/{rel}","templated":true}]}}